{"id":12,"date":"2023-12-06T20:52:30","date_gmt":"2023-12-06T19:52:30","guid":{"rendered":"https:\/\/dmhconstrucciones.com\/?page_id=12"},"modified":"2024-05-09T13:53:37","modified_gmt":"2024-05-09T11:53:37","slug":"nosotros","status":"publish","type":"page","link":"https:\/\/dmhconstrucciones.com\/?page_id=12","title":{"rendered":"Nosotros"},"content":{"rendered":"\n<p>En DMH, nos dedicamos a transformar espacios y construir sue\u00f1os. Con un enfoque integral, gestionamos proyectos de reforma y construcci\u00f3n tanto para hogares como para locales comerciales, edificios y empresas en M\u00e1laga. Nuestra misi\u00f3n es simplificar el proceso de renovaci\u00f3n, garantizando la tranquilidad y comodidad de nuestros clientes desde el concepto hasta la entrega final. No solo construimos espacios, sino que tambi\u00e9n construimos relaciones duraderas basadas en la confianza y la satisfacci\u00f3n de nuestros clientes. <\/p>\n\n\n\n<h2 class=\"wp-block-heading\">Nuestros valores<\/h2>\n\n\n\n<ul class=\"wp-block-list\">\n<li><strong>Excelencia en Cada Proyecto<\/strong><br>Somos una empresa caracterizada por nuestro compromiso con la calidad y el cumplimiento de plazos. Nuestro equipo est\u00e1 formado por expertos t\u00e9cnicos y profesionales altamente capacitados que comparten valores de dedicaci\u00f3n, sinceridad y esfuerzo.<\/li>\n\n\n\n<li><strong>Seguridad y Salud en el Trabajo<\/strong><br>Nuestro compromiso con la seguridad es firme, con el objetivo de mantener una tasa de accidentes de cero.<\/li>\n\n\n\n<li><strong>Responsabilidad social corporativa<\/strong><br>Creemos en la responsabilidad social corporativa, apoyando activamente a organizaciones sin fines de lucro y contribuyendo al bienestar de nuestra comunidad.<\/li>\n<\/ul>\n\n\n\n<h2 class=\"wp-block-heading\">Nuestros servicios<\/h2>\n\n\n\n<ul class=\"wp-block-list\">\n<li><strong>Reformas de interiores y exteriores:<\/strong><br>Hogares y locales renacidos a trav\u00e9s de proyectos personalizados que reflejan sus deseos y necesidades.<\/li>\n\n\n\n<li><strong>Mantenimiento de edificios:<\/strong><br>Soluciones preventivas y correctivas para asegurar la durabilidad y funcionalidad de cada propiedad.<\/li>\n\n\n\n<li><strong>Rehabilitaci\u00f3n de edificios y oficinas:<\/strong><br>Restauraci\u00f3n de estructuras con problemas t\u00e9cnicos de distintas \u00e9pocas constructivas, adapt\u00e1ndolas a las necesidades actuales sin perder su esencia.<\/li>\n\n\n\n<li><strong>Dise\u00f1o de interiores y exteriores:<\/strong><br>Creaciones \u00fanicas que armonizan belleza, funcionalidad y estilo, con experiencia en construcciones de casas, jardiner\u00eda, piscinas y urbanizaciones en su totalidad.<\/li>\n\n\n\n<li><strong>Proyectos llave en mano:<\/strong><br>Gesti\u00f3n de la administraci\u00f3n completa desde la concepci\u00f3n hasta la entrega final para cada proyecto.<\/li>\n\n\n\n<li><strong>Construcci\u00f3n industrial:<\/strong><br>Experiencia en el desarrollo de proyectos industriales, garantizando calidad para cada proyecto nuevo o de rehabilitaci\u00f3n, adaptaci\u00f3n o mantenimiento.<\/li>\n<\/ul>\n","protected":false},"excerpt":{"rendered":"<p>DMH, su socio de confianza en reformas y construcciones en M\u00e1laga.<\/p>\n","protected":false},"author":3,"featured_media":2001,"parent":0,"menu_order":0,"comment_status":"closed","ping_status":"closed","template":"","meta":{"footnotes":""},"class_list":["post-12","page","type-page","status-publish","has-post-thumbnail","hentry"],"_links":{"self":[{"href":"https:\/\/dmhconstrucciones.com\/index.php?rest_route=\/wp\/v2\/pages\/12","targetHints":{"allow":["GET"]}}],"collection":[{"href":"https:\/\/dmhconstrucciones.com\/index.php?rest_route=\/wp\/v2\/pages"}],"about":[{"href":"https:\/\/dmhconstrucciones.com\/index.php?rest_route=\/wp\/v2\/types\/page"}],"author":[{"embeddable":true,"href":"https:\/\/dmhconstrucciones.com\/index.php?rest_route=\/wp\/v2\/users\/3"}],"replies":[{"embeddable":true,"href":"https:\/\/dmhconstrucciones.com\/index.php?rest_route=%2Fwp%2Fv2%2Fcomments&post=12"}],"version-history":[{"count":10,"href":"https:\/\/dmhconstrucciones.com\/index.php?rest_route=\/wp\/v2\/pages\/12\/revisions"}],"predecessor-version":[{"id":2050,"href":"https:\/\/dmhconstrucciones.com\/index.php?rest_route=\/wp\/v2\/pages\/12\/revisions\/2050"}],"wp:featuredmedia":[{"embeddable":true,"href":"https:\/\/dmhconstrucciones.com\/index.php?rest_route=\/wp\/v2\/media\/2001"}],"wp:attachment":[{"href":"https:\/\/dmhconstrucciones.com\/index.php?rest_route=%2Fwp%2Fv2%2Fmedia&parent=12"}],"curies":[{"name":"wp","href":"https:\/\/api.w.org\/{rel}","templated":true}]}}