{"id":2003,"date":"2024-04-11T12:43:04","date_gmt":"2024-04-11T10:43:04","guid":{"rendered":"https:\/\/dmhconstrucciones.com\/?page_id=2003"},"modified":"2024-04-11T13:37:59","modified_gmt":"2024-04-11T11:37:59","slug":"inicio","status":"publish","type":"page","link":"https:\/\/dmhconstrucciones.com\/","title":{"rendered":"Hacemos que tu casa sea \u00fanica"},"content":{"rendered":"","protected":false},"excerpt":{"rendered":"<p>Para nosotros cada proyecto es \u00fanico y por ello nuestros clientes conf\u00edan en nuestras construcciones y reformas en M\u00e1laga y provincia.<\/p>\n","protected":false},"author":2,"featured_media":1979,"parent":0,"menu_order":0,"comment_status":"closed","ping_status":"closed","template":"inicio.php","meta":{"footnotes":""},"class_list":["post-2003","page","type-page","status-publish","has-post-thumbnail","hentry"],"_links":{"self":[{"href":"https:\/\/dmhconstrucciones.com\/index.php?rest_route=\/wp\/v2\/pages\/2003","targetHints":{"allow":["GET"]}}],"collection":[{"href":"https:\/\/dmhconstrucciones.com\/index.php?rest_route=\/wp\/v2\/pages"}],"about":[{"href":"https:\/\/dmhconstrucciones.com\/index.php?rest_route=\/wp\/v2\/types\/page"}],"author":[{"embeddable":true,"href":"https:\/\/dmhconstrucciones.com\/index.php?rest_route=\/wp\/v2\/users\/2"}],"replies":[{"embeddable":true,"href":"https:\/\/dmhconstrucciones.com\/index.php?rest_route=%2Fwp%2Fv2%2Fcomments&post=2003"}],"version-history":[{"count":9,"href":"https:\/\/dmhconstrucciones.com\/index.php?rest_route=\/wp\/v2\/pages\/2003\/revisions"}],"predecessor-version":[{"id":2015,"href":"https:\/\/dmhconstrucciones.com\/index.php?rest_route=\/wp\/v2\/pages\/2003\/revisions\/2015"}],"wp:featuredmedia":[{"embeddable":true,"href":"https:\/\/dmhconstrucciones.com\/index.php?rest_route=\/wp\/v2\/media\/1979"}],"wp:attachment":[{"href":"https:\/\/dmhconstrucciones.com\/index.php?rest_route=%2Fwp%2Fv2%2Fmedia&parent=2003"}],"curies":[{"name":"wp","href":"https:\/\/api.w.org\/{rel}","templated":true}]}}